{"id":53,"date":"2021-05-10T08:44:17","date_gmt":"2021-05-10T08:44:17","guid":{"rendered":"https:\/\/bpt.vizea.si\/?page_id=53"},"modified":"2021-05-14T10:37:00","modified_gmt":"2021-05-14T10:37:00","slug":"welcome","status":"publish","type":"page","link":"https:\/\/bpt.si\/en\/","title":{"rendered":"Welcome!"},"content":{"rendered":"\n<p>BPT d.o.o. is a successor of \u201cBomba\u017ena predilnica in tkalnica Tr\u017ei\u010d\u201d \u2013 a cotton spinning and weaving mill, which was established in 1885. Our primary activity is renewable energy production from four small hydropower plants along the stream of Mo\u0161enik. Next to energy production, we are managing several real estates in Tr\u017ei\u010d, Kranj and Ljubljana. We are currently reviving ex-factory complex in Tr\u017ei\u010d, that will soon become a lively place full of different business and social activities.<\/p>\n","protected":false},"excerpt":{"rendered":"<p>BPT d.o.o. is a successor of \u201cBomba\u017ena predilnica in tkalnica Tr\u017ei\u010d\u201d \u2013 a cotton spinning and weaving mill, which was established in 1885. Our primary activity is renewable energy production from four small hydropower plants along the stream of Mo\u0161enik. Next to energy production, we are managing several real estates in Tr\u017ei\u010d, Kranj and Ljubljana. [&hellip;]<\/p>\n","protected":false},"author":1,"featured_media":0,"parent":0,"menu_order":0,"comment_status":"closed","ping_status":"closed","template":"front-page.php","meta":{"_acf_changed":false,"footnotes":""},"class_list":["post-53","page","type-page","status-publish","hentry"],"acf":[],"yoast_head":"<!-- This site is optimized with the Yoast SEO plugin v25.5 - https:\/\/yoast.com\/wordpress\/plugins\/seo\/ -->\n<title>Welcome! - BPT<\/title>\n<meta name=\"robots\" content=\"index, follow, max-snippet:-1, max-image-preview:large, max-video-preview:-1\" \/>\n<link rel=\"canonical\" href=\"https:\/\/bpt.si\/en\/\" \/>\n<meta property=\"og:locale\" content=\"en_US\" \/>\n<meta property=\"og:type\" content=\"article\" \/>\n<meta property=\"og:title\" content=\"Welcome! - BPT\" \/>\n<meta property=\"og:description\" content=\"BPT d.o.o. is a successor of \u201cBomba\u017ena predilnica in tkalnica Tr\u017ei\u010d\u201d \u2013 a cotton spinning and weaving mill, which was established in 1885. Our primary activity is renewable energy production from four small hydropower plants along the stream of Mo\u0161enik. Next to energy production, we are managing several real estates in Tr\u017ei\u010d, Kranj and Ljubljana. [&hellip;]\" \/>\n<meta property=\"og:url\" content=\"https:\/\/bpt.si\/en\/\" \/>\n<meta property=\"og:site_name\" content=\"BPT\" \/>\n<meta property=\"article:modified_time\" content=\"2021-05-14T10:37:00+00:00\" \/>\n<meta name=\"twitter:card\" content=\"summary_large_image\" \/>\n<script type=\"application\/ld+json\" class=\"yoast-schema-graph\">{\"@context\":\"https:\/\/schema.org\",\"@graph\":[{\"@type\":\"WebPage\",\"@id\":\"https:\/\/bpt.si\/en\/\",\"url\":\"https:\/\/bpt.si\/en\/\",\"name\":\"Welcome! - BPT\",\"isPartOf\":{\"@id\":\"https:\/\/bpt.si\/#website\"},\"datePublished\":\"2021-05-10T08:44:17+00:00\",\"dateModified\":\"2021-05-14T10:37:00+00:00\",\"breadcrumb\":{\"@id\":\"https:\/\/bpt.si\/en\/#breadcrumb\"},\"inLanguage\":\"en-US\",\"potentialAction\":[{\"@type\":\"ReadAction\",\"target\":[\"https:\/\/bpt.si\/en\/\"]}]},{\"@type\":\"BreadcrumbList\",\"@id\":\"https:\/\/bpt.si\/en\/#breadcrumb\",\"itemListElement\":[{\"@type\":\"ListItem\",\"position\":1,\"name\":\"Home\",\"item\":\"https:\/\/bpt.si\/en\/\"},{\"@type\":\"ListItem\",\"position\":2,\"name\":\"Welcome!\"}]},{\"@type\":\"WebSite\",\"@id\":\"https:\/\/bpt.si\/#website\",\"url\":\"https:\/\/bpt.si\/\",\"name\":\"BPT\",\"description\":\"\",\"potentialAction\":[{\"@type\":\"SearchAction\",\"target\":{\"@type\":\"EntryPoint\",\"urlTemplate\":\"https:\/\/bpt.si\/?s={search_term_string}\"},\"query-input\":{\"@type\":\"PropertyValueSpecification\",\"valueRequired\":true,\"valueName\":\"search_term_string\"}}],\"inLanguage\":\"en-US\"}]}<\/script>\n<!-- \/ Yoast SEO plugin. -->","yoast_head_json":{"title":"Welcome! - BPT","robots":{"index":"index","follow":"follow","max-snippet":"max-snippet:-1","max-image-preview":"max-image-preview:large","max-video-preview":"max-video-preview:-1"},"canonical":"https:\/\/bpt.si\/en\/","og_locale":"en_US","og_type":"article","og_title":"Welcome! - BPT","og_description":"BPT d.o.o. is a successor of \u201cBomba\u017ena predilnica in tkalnica Tr\u017ei\u010d\u201d \u2013 a cotton spinning and weaving mill, which was established in 1885. Our primary activity is renewable energy production from four small hydropower plants along the stream of Mo\u0161enik. Next to energy production, we are managing several real estates in Tr\u017ei\u010d, Kranj and Ljubljana. [&hellip;]","og_url":"https:\/\/bpt.si\/en\/","og_site_name":"BPT","article_modified_time":"2021-05-14T10:37:00+00:00","twitter_card":"summary_large_image","schema":{"@context":"https:\/\/schema.org","@graph":[{"@type":"WebPage","@id":"https:\/\/bpt.si\/en\/","url":"https:\/\/bpt.si\/en\/","name":"Welcome! - BPT","isPartOf":{"@id":"https:\/\/bpt.si\/#website"},"datePublished":"2021-05-10T08:44:17+00:00","dateModified":"2021-05-14T10:37:00+00:00","breadcrumb":{"@id":"https:\/\/bpt.si\/en\/#breadcrumb"},"inLanguage":"en-US","potentialAction":[{"@type":"ReadAction","target":["https:\/\/bpt.si\/en\/"]}]},{"@type":"BreadcrumbList","@id":"https:\/\/bpt.si\/en\/#breadcrumb","itemListElement":[{"@type":"ListItem","position":1,"name":"Home","item":"https:\/\/bpt.si\/en\/"},{"@type":"ListItem","position":2,"name":"Welcome!"}]},{"@type":"WebSite","@id":"https:\/\/bpt.si\/#website","url":"https:\/\/bpt.si\/","name":"BPT","description":"","potentialAction":[{"@type":"SearchAction","target":{"@type":"EntryPoint","urlTemplate":"https:\/\/bpt.si\/?s={search_term_string}"},"query-input":{"@type":"PropertyValueSpecification","valueRequired":true,"valueName":"search_term_string"}}],"inLanguage":"en-US"}]}},"_links":{"self":[{"href":"https:\/\/bpt.si\/en\/wp-json\/wp\/v2\/pages\/53","targetHints":{"allow":["GET"]}}],"collection":[{"href":"https:\/\/bpt.si\/en\/wp-json\/wp\/v2\/pages"}],"about":[{"href":"https:\/\/bpt.si\/en\/wp-json\/wp\/v2\/types\/page"}],"author":[{"embeddable":true,"href":"https:\/\/bpt.si\/en\/wp-json\/wp\/v2\/users\/1"}],"replies":[{"embeddable":true,"href":"https:\/\/bpt.si\/en\/wp-json\/wp\/v2\/comments?post=53"}],"version-history":[{"count":3,"href":"https:\/\/bpt.si\/en\/wp-json\/wp\/v2\/pages\/53\/revisions"}],"predecessor-version":[{"id":293,"href":"https:\/\/bpt.si\/en\/wp-json\/wp\/v2\/pages\/53\/revisions\/293"}],"wp:attachment":[{"href":"https:\/\/bpt.si\/en\/wp-json\/wp\/v2\/media?parent=53"}],"curies":[{"name":"wp","href":"https:\/\/api.w.org\/{rel}","templated":true}]}}